{"id":444,"date":"2020-10-26T12:19:22","date_gmt":"2020-10-26T12:19:22","guid":{"rendered":"http:\/\/amwerk.bold-themes.com\/berlin\/?page_id=444"},"modified":"2024-11-21T02:42:58","modified_gmt":"2024-11-21T02:42:58","slug":"su-nghiep","status":"publish","type":"page","link":"https:\/\/morstar.vn\/vi\/ve-chung-toi\/su-nghiep\/","title":{"rendered":"Ngh\u1ec1 nghi\u1ec7p"},"content":{"rendered":"<p><section id=\"bt_bb_section69dfa76f5c634\" class=\"bt_bb_section bt_bb_color_scheme_11 bt_bb_layout_boxed_1300 bt_bb_vertical_align_top bt_bb_background_overlay_alternate_solid bt_bb_top_spacing_100 bt_bb_bottom_spacing_100\" style=\"max-width: 1300px; margin-left: auto; margin-right: auto;; --section-primary-color:#ffffff; --section-secondary-color:#013989;\" data-bt-override-class=\"null\"><div class=\"bt_bb_port\"><div class=\"bt_bb_cell\"><div class=\"bt_bb_cell_inner\"><div class=\"bt_bb_row bt_bb_row_width_boxed_1200 bt_bb_row_width_boxed\"  data-bt-override-class=\"{}\"><div class=\"bt_bb_row_holder\" ><div  class=\"bt_bb_column col-xxl-6 col-xl-6 bt_bb_vertical_align_middle bt_bb_align_left bt_bb_padding_normal bt_bb_animation_fade_in animate\" style=\"; --column-width:6;\" data-width=\"6\" data-bt-override-class=\"{}\"><div class=\"bt_bb_column_content\"><div class=\"bt_bb_column_content_inner\"><div data-bb-version=\"5.1.3\" class=\"bt_bb_image bt_bb_shape_square bt_bb_align_inherit bt_bb_hover_style_simple bt_bb_content_display_always bt_bb_content_align_middle bt_bb_remove_padding_yes bt_bb_fill_background_color_full bt_bb_hidden_xs bt_bb_hidden_ms bt_bb_hidden_sm\" style=\"margin-left: -150px;\" data-bt-override-class=\"{&quot;bt_bb_align_&quot;:{&quot;current_class&quot;:&quot;bt_bb_align_inherit&quot;,&quot;def&quot;:&quot;inherit&quot;}}\"><span><img src = \"https:\/\/morstar.vn\/wp-content\/plugins\/bold-page-builder\/img\/blank.gif\" data-full_image_src=\"https:\/\/morstar.vn\/wp-content\/uploads\/2024\/09\/morstar-join-team-01-1609-scaled.jpg\" data-image_src=\"https:\/\/morstar.vn\/wp-content\/uploads\/2024\/09\/morstar-join-team-01-1609-scaled-1280x640.jpg\" title=\"morstar-tham-gia-team-01-1609\" alt=\"https:\/\/morstar.vn\/wp-content\/uploads\/2024\/09\/morstar-join-team-01-1609-scaled-1280x640.jpg\" class=\"btLazyLoadImage\"><\/span><\/div><div data-bb-version=\"5.1.3\" class=\"bt_bb_image bt_bb_shape_square bt_bb_align_inherit bt_bb_hover_style_simple bt_bb_content_display_always bt_bb_content_align_middle bt_bb_remove_padding_yes bt_bb_fill_background_color_full bt_bb_hidden_md bt_bb_hidden_lg bt_bb_hidden_xl\" data-bt-override-class=\"{&quot;bt_bb_align_&quot;:{&quot;current_class&quot;:&quot;bt_bb_align_inherit&quot;,&quot;def&quot;:&quot;inherit&quot;}}\"><span><img src = \"https:\/\/morstar.vn\/wp-content\/plugins\/bold-page-builder\/img\/blank.gif\" data-full_image_src=\"https:\/\/morstar.vn\/wp-content\/uploads\/2024\/09\/morstar-join-team-01-1609-scaled.jpg\" data-image_src=\"https:\/\/morstar.vn\/wp-content\/uploads\/2024\/09\/morstar-join-team-01-1609-scaled-640x480.jpg\" title=\"morstar-tham-gia-team-01-1609\" alt=\"https:\/\/morstar.vn\/wp-content\/uploads\/2024\/09\/morstar-join-team-01-1609-scaled-640x480.jpg\" class=\"btLazyLoadImage\"><\/span><\/div><\/div><\/div><\/div><div  class=\"bt_bb_column col-xxl-6 col-xl-6 bt_bb_vertical_align_middle bt_bb_align_left bt_bb_padding_double bt_bb_animation_fade_in animate\" style=\"; --column-width:6;\" data-width=\"6\" data-bt-override-class=\"{}\"><div class=\"bt_bb_column_content\"><div class=\"bt_bb_column_content_inner\"><div class=\"bt_bb_separator bt_bb_border_style_none bt_bb_bottom_spacing_60 bt_bb_hidden_md bt_bb_hidden_lg\" data-bt-override-class=\"null\"><\/div><header data-bb-version=\"5.1.2\" class=\"bt_bb_headline bt_bb_dash_top bt_bb_subheadline bt_bb_size_large bt_bb_align_inherit\" data-bt-override-class=\"{&quot;bt_bb_size_&quot;:{&quot;current_class&quot;:&quot;bt_bb_size_large&quot;,&quot;def&quot;:&quot;large&quot;},&quot;bt_bb_align_&quot;:{&quot;current_class&quot;:&quot;bt_bb_align_inherit&quot;,&quot;def&quot;:&quot;inherit&quot;}}\"><h3><span class=\"bt_bb_headline_content\"><span>Vi\u1ec7c l\u00e0m t\u1ea1i Sao Mai<span class=\"bt_bb_outline_text bt_bb_outline_text_align_inherit bt_bb_outline_text_size_300\"><span>Vi\u1ec7c l\u00e0m<\/span><\/span><\/span><\/span><\/h3><div class=\"bt_bb_headline_subheadline\">Sao Mai \u0111\u00e3 c\u00f3 s\u1ef1 t\u0103ng tr\u01b0\u1edfng l\u1edbn trong nh\u1eefng n\u0103m qua, nh\u01b0ng ch\u00fang t\u00f4i \u0111\u00e3 n\u1ed7 l\u1ef1c duy tr\u00ec b\u1ea7u kh\u00f4ng kh\u00ed gia \u0111\u00ecnh n\u01a1i nh\u00e2n vi\u00ean c\u00f3 th\u1ec3 ph\u00e1t tri\u1ec3n v\u00e0 th\u00e0nh c\u00f4ng. Kh\u00f4ng c\u00f2n nghi ng\u1edd g\u00ec n\u1eefa, nh\u1eefng con ng\u01b0\u1eddi \u0111\u1eb1ng sau Sao Mai ch\u00ednh l\u00e0 n\u1ec1n t\u1ea3ng cho s\u1ef1 th\u00e0nh c\u00f4ng c\u1ee7a c\u00f4ng ty ch\u00fang t\u00f4i.<\/div><\/header><div class=\"bt_bb_separator bt_bb_border_style_none bt_bb_bottom_spacing_40\" data-bt-override-class=\"null\"><\/div><div class=\"bt_bb_button bt_bb_color_scheme_6 bt_bb_icon_position_right bt_bb_style_underlined bt_bb_size_large bt_bb_width_inline bt_bb_shape_inherit bt_bb_target_self bt_bb_align_inherit\" style=\"; --primary-color:#ffffff; --secondary-color:#f1b209;\" data-bt-override-class=\"{}\"><a href=\"#\" target=\"_self\" class=\"bt_bb_link\" title=\"K\u1ef9 s\u01b0 s\u1ea3n xu\u1ea5t\"><span class=\"bt_bb_button_text\" >K\u1ef9 s\u01b0 s\u1ea3n xu\u1ea5t<\/span><\/a><\/div><div class=\"bt_bb_separator bt_bb_border_style_none bt_bb_bottom_spacing_20\" data-bt-override-class=\"null\"><\/div><div class=\"bt_bb_button bt_bb_color_scheme_6 bt_bb_icon_position_right bt_bb_style_underlined bt_bb_size_large bt_bb_width_inline bt_bb_shape_inherit bt_bb_target_self bt_bb_align_inherit\" style=\"; --primary-color:#ffffff; --secondary-color:#f1b209;\" data-bt-override-class=\"{}\"><a href=\"#\" target=\"_self\" class=\"bt_bb_link\" title=\"\u0110i\u1ec1u ph\u1ed1i vi\u00ean tu\u00e2n th\u1ee7 v\u1eadt li\u1ec7u\"><span class=\"bt_bb_button_text\" >\u0110i\u1ec1u ph\u1ed1i vi\u00ean tu\u00e2n th\u1ee7 v\u1eadt li\u1ec7u<\/span><\/a><\/div><div class=\"bt_bb_separator bt_bb_border_style_none bt_bb_bottom_spacing_20\" data-bt-override-class=\"null\"><\/div><div class=\"bt_bb_button bt_bb_color_scheme_6 bt_bb_icon_position_right bt_bb_style_underlined bt_bb_size_large bt_bb_width_inline bt_bb_shape_inherit bt_bb_target_self bt_bb_align_inherit\" style=\"; --primary-color:#ffffff; --secondary-color:#f1b209;\" data-bt-override-class=\"{}\"><a href=\"#\" target=\"_self\" class=\"bt_bb_link\" title=\"Ng\u01b0\u1eddi v\u1eadn h\u00e0nh m\u00e1y\"><span class=\"bt_bb_button_text\" >Ng\u01b0\u1eddi v\u1eadn h\u00e0nh m\u00e1y<\/span><\/a><\/div><div class=\"bt_bb_separator bt_bb_border_style_none\" data-bt-override-class=\"null\"><\/div><div class=\"bt_bb_separator bt_bb_border_style_solid bt_bb_top_spacing_40 bt_bb_bottom_spacing_40 bt_bb_color_light_transparent\" data-bt-override-class=\"null\"><\/div><div data-bb-version=\"5.2.1\" class=\"bt_bb_button bt_bb_color_scheme_5 bt_bb_icon_position_left bt_bb_style_filled bt_bb_size_normal bt_bb_width_inline bt_bb_shape_inherit bt_bb_target_self bt_bb_text_transform_inherit bt_bb_align_right\" style=\"; --primary-color:#000000; --secondary-color:#f1b209;\" data-bt-override-class=\"{&quot;bt_bb_size_&quot;:{&quot;current_class&quot;:&quot;bt_bb_size_normal&quot;,&quot;def&quot;:&quot;normal&quot;},&quot;bt_bb_align_&quot;:{&quot;current_class&quot;:&quot;bt_bb_align_right&quot;,&quot;def&quot;:&quot;right&quot;}}\"><a href=\"https:\/\/morstar.vn\/vi\/lien-he\/\" target=\"_self\" class=\"bt_bb_link\" title=\"G\u1eedi CV cho ch\u00fang t\u00f4i\"><span class=\"bt_bb_button_text\" >G\u1eedi CV cho ch\u00fang t\u00f4i<\/span><\/a><\/div><div  class=\"bt_bb_text\" ><\/p>\n<p>C\u00f4ng vi\u1ec7c b\u1ea1n \u0111ang t\u00ecm ki\u1ebfm kh\u00f4ng c\u00f3 trong danh s\u00e1ch \u1edf tr\u00ean?<br \/>\nV\u1eady th\u00ec t\u1ea1i sao kh\u00f4ng g\u1eedi cho ch\u00fang t\u00f4i m\u1ed9t b\u1ea3n CV nh\u1ec9?<\/p>\n<p>\n<\/div><\/div><\/div><\/div><\/div><\/div><\/div><!-- cell_inner --><\/div><!-- cell --><\/div><!-- port --><\/section><section data-bb-version=\"5.1.2\" id=\"cv_form\" class=\"bt_bb_section bt_bb_layout_boxed_1200 bt_bb_vertical_align_top bt_bb_top_spacing_none bt_bb_bottom_spacing_100 bt_bb_negative_margin_40\"  data-bt-override-class=\"{&quot;bt_bb_top_spacing_&quot;:{&quot;current_class&quot;:&quot;bt_bb_top_spacing_none&quot;,&quot;def&quot;:&quot;none&quot;},&quot;bt_bb_bottom_spacing_&quot;:{&quot;current_class&quot;:&quot;bt_bb_bottom_spacing_100&quot;,&quot;def&quot;:&quot;100&quot;},&quot;bt_bb_negative_margin_&quot;:{&quot;current_class&quot;:&quot;bt_bb_negative_margin_40&quot;,&quot;def&quot;:&quot;40&quot;}}\"><div class=\"bt_bb_port\"><div class=\"bt_bb_cell\"><div class=\"bt_bb_cell_inner\"><div class=\"bt_bb_row\"  data-bt-override-class=\"{}\"><div class=\"bt_bb_row_holder\" ><div  class=\"bt_bb_column col-xxl-12 col-xl-12 bt_bb_vertical_align_top bt_bb_align_left bt_bb_padding_normal\" style=\"; --column-width:12;\" data-width=\"12\" data-bt-override-class=\"{}\"><div class=\"bt_bb_column_content\"><div class=\"bt_bb_column_content_inner\"><div class=\"bt_bb_separator bt_bb_border_style_none bt_bb_bottom_spacing_40\" data-bt-override-class=\"null\"><\/div><\/div><\/div><\/div><\/div><\/div><div class=\"bt_bb_row\"  data-bt-override-class=\"{}\"><div class=\"bt_bb_row_holder\" ><div  class=\"bt_bb_column col-xxl-12 col-xl-12 bt_bb_vertical_align_top bt_bb_align_left bt_bb_padding_40 bt_bb_animation_fade_in move_up animate\" style=\"background-color:rgba(241, 241, 241, 1);; --column-width:12;\" data-width=\"12\" data-bt-override-class=\"{}\"><div class=\"bt_bb_column_content\"><div class=\"bt_bb_column_content_inner\"><div class=\"bt_bb_separator bt_bb_border_style_none bt_bb_bottom_spacing_50\" data-bt-override-class=\"null\"><\/div><div class=\"bt_bb_contact_form_7\">\n<div class=\"wpcf7 no-js\" id=\"wpcf7-f920-o1\" lang=\"en-US\" dir=\"ltr\" data-wpcf7-id=\"920\">\n<div class=\"screen-reader-response\"><p role=\"status\" aria-live=\"polite\" aria-atomic=\"true\"><\/p> <ul><\/ul><\/div>\n<form action=\"\/vi\/wp-json\/wp\/v2\/pages\/444#wpcf7-f920-o1\" method=\"post\" class=\"wpcf7-form init\" aria-label=\"Contact form\" enctype=\"multipart\/form-data\" novalidate=\"novalidate\" data-status=\"init\" data-trp-original-action=\"\/vi\/wp-json\/wp\/v2\/pages\/444#wpcf7-f920-o1\">\n<fieldset class=\"hidden-fields-container\"><input type=\"hidden\" name=\"_wpcf7\" value=\"920\" \/><input type=\"hidden\" name=\"_wpcf7_version\" value=\"6.1.1\" \/><input type=\"hidden\" name=\"_wpcf7_locale\" value=\"en_US\" \/><input type=\"hidden\" name=\"_wpcf7_unit_tag\" value=\"wpcf7-f920-o1\" \/><input type=\"hidden\" name=\"_wpcf7_container_post\" value=\"0\" \/><input type=\"hidden\" name=\"_wpcf7_posted_data_hash\" value=\"\" \/>\n<\/fieldset>\n<div class=\"bt_bb_cf7_form bt_bb_cf7_columns_form bt_bb_cf7_dark_text_submit\">\n\t<div class=\"bt_bb_cf7_column\">\n\t\t<div class=\"bt_bb_cf7_row\">\n\t\t\t<div class=\"bt_bb_cf7_element bt_bb_cf7_element_required\">\n\t\t\t\t<p><span class=\"wpcf7-form-control-wrap\" data-name=\"your-name\"><input size=\"40\" maxlength=\"400\" class=\"wpcf7-form-control wpcf7-text wpcf7-validates-as-required\" aria-required=\"true\" aria-invalid=\"false\" placeholder=\"T\u00ean c\u1ee7a b\u1ea1n\" value=\"\" type=\"text\" name=\"your-name\" \/><\/span>\n\t\t\t\t<\/p>\n\t\t\t<\/div>\n\t\t<\/div>\n\t\t<div class=\"bt_bb_cf7_row\">\n\t\t\t<div class=\"bt_bb_cf7_element bt_bb_cf7_element_required\">\n\t\t\t\t<p><span class=\"wpcf7-form-control-wrap\" data-name=\"your-address\"><input size=\"40\" maxlength=\"400\" class=\"wpcf7-form-control wpcf7-text wpcf7-validates-as-required\" aria-required=\"true\" aria-invalid=\"false\" placeholder=\"\u0110\u1ecba ch\u1ec9 c\u1ee7a b\u1ea1n\" value=\"\" type=\"text\" name=\"your-address\" \/><\/span>\n\t\t\t\t<\/p>\n\t\t\t<\/div>\n\t\t<\/div>\n\t\t<div class=\"bt_bb_cf7_row\">\n\t\t\t<div class=\"bt_bb_cf7_element bt_bb_cf7_element_required\">\n\t\t\t\t<p><span class=\"wpcf7-form-control-wrap\" data-name=\"city\"><input size=\"40\" maxlength=\"400\" class=\"wpcf7-form-control wpcf7-text wpcf7-validates-as-required\" aria-required=\"true\" aria-invalid=\"false\" placeholder=\"Th\u00e0nh ph\u1ed1\" value=\"\" type=\"text\" name=\"city\" \/><\/span>\n\t\t\t\t<\/p>\n\t\t\t<\/div>\n\t\t<\/div>\n\t\t<div class=\"bt_bb_cf7_row\">\n\t\t\t<div class=\"bt_bb_cf7_element bt_bb_cf7_element_required\">\n\t\t\t\t<p><span class=\"wpcf7-form-control-wrap\" data-name=\"postcode\"><input size=\"40\" maxlength=\"400\" class=\"wpcf7-form-control wpcf7-text wpcf7-validates-as-required\" aria-required=\"true\" aria-invalid=\"false\" placeholder=\"M\u00e3 b\u01b0u ch\u00ednh\" value=\"\" type=\"text\" name=\"postcode\" \/><\/span>\n\t\t\t\t<\/p>\n\t\t\t<\/div>\n\t\t<\/div>\n\t\t<div class=\"bt_bb_cf7_row\">\n\t\t\t<div class=\"bt_bb_cf7_element bt_bb_cf7_element_required\">\n\t\t\t\t<p><span class=\"wpcf7-form-control-wrap\" data-name=\"phone-number\"><input size=\"40\" maxlength=\"400\" class=\"wpcf7-form-control wpcf7-text wpcf7-validates-as-required\" aria-required=\"true\" aria-invalid=\"false\" placeholder=\"S\u1ed1 \u0111i\u1ec7n tho\u1ea1i\" value=\"\" type=\"text\" name=\"phone-number\" \/><\/span>\n\t\t\t\t<\/p>\n\t\t\t<\/div>\n\t\t<\/div>\n\t<\/div>\n\t<div class=\"bt_bb_cf7_column\">\n\t\t<div class=\"bt_bb_cf7_row\">\n\t\t\t<div class=\"bt_bb_cf7_element bt_bb_cf7_element_required\">\n\t\t\t\t<p><span class=\"wpcf7-form-control-wrap\" data-name=\"your-email\"><input size=\"40\" maxlength=\"400\" class=\"wpcf7-form-control wpcf7-email wpcf7-validates-as-required wpcf7-text wpcf7-validates-as-email\" aria-required=\"true\" aria-invalid=\"false\" placeholder=\"\u0110\u1ecba ch\u1ec9 email c\u1ee7a b\u1ea1n\" value=\"\" type=\"email\" name=\"your-email\" \/><\/span>\n\t\t\t\t<\/p>\n\t\t\t<\/div>\n\t\t<\/div>\n\t\t<div class=\"bt_bb_cf7_row\">\n\t\t\t<div class=\"bt_bb_cf7_element bt_bb_cf7_element_required\">\n\t\t\t\t<p><span class=\"wpcf7-form-control-wrap\" data-name=\"file-cv\"><input size=\"40\" class=\"wpcf7-form-control wpcf7-file wpcf7-validates-as-required\" accept=\".pdf,.doc,.docx\" aria-required=\"true\" aria-invalid=\"false\" type=\"file\" name=\"file-cv\" \/><\/span>\n\t\t\t\t<\/p>\n\t\t\t<\/div>\n\t\t<\/div>\n\t\t<div class=\"bt_bb_cf7_row\">\n\t\t\t<div class=\"bt_bb_cf7_element\">\n\t\t\t\t<p><span class=\"wpcf7-form-control-wrap\" data-name=\"your-message\"><textarea cols=\"40\" rows=\"3\" maxlength=\"2000\" class=\"wpcf7-form-control wpcf7-textarea\" aria-invalid=\"false\" placeholder=\"Tin nh\u1eafn b\u1ed5 sung\" name=\"your-message\"><\/textarea><\/span>\n\t\t\t\t<\/p>\n\t\t\t<\/div>\n\t\t<\/div>\n\t\t<div class=\"bt_bb_cf7_row\">\n\t\t\t<div class=\"bt_bb_cf7_button bt_bb_cf7_element\">\n\t\t\t\t<div class=\"g-recaptcha-wrap\" style=\"padding:10px 0 10px 0\">\n\t\t\t\t\t<div  class=\"g-recaptcha\" data-sitekey=\"6LedQF4rAAAAANUJcdrva8G1euHK6fvdM4AUWUiJ\">\n\t\t\t\t\t<\/div>\n\t\t\t\t<\/div>\n\t\t\t\t<p><span class='wpcf7-form-control-wrap' data-name='aiowps-captcha'><\/span><input class=\"wpcf7-form-control wpcf7-submit has-spinner\" type=\"submit\" value=\"N\u1ed9p CV c\u1ee7a b\u1ea1n\" \/>\n\t\t\t\t<\/p>\n\t\t\t<\/div>\n\t\t<\/div>\n\t<\/div>\n<\/div><div class=\"wpcf7-response-output\" aria-hidden=\"true\"><\/div>\n<input type=\"hidden\" name=\"trp-form-language\" value=\"vi\"\/><\/form>\n<\/div>\n<\/div><div class=\"bt_bb_separator bt_bb_border_style_none bt_bb_bottom_spacing_30\" data-bt-override-class=\"null\"><\/div><\/div><\/div><\/div><\/div><\/div><div data-bb-version=\"5.1.2\" class=\"bt_bb_row\"  data-bt-override-class=\"{}\"><div class=\"bt_bb_row_holder\" ><\/div><\/div><\/div><!-- cell_inner --><\/div><!-- cell --><\/div><!-- port --><\/section><\/p>","protected":false},"excerpt":{"rendered":"","protected":false},"author":1,"featured_media":30909,"parent":440,"menu_order":0,"comment_status":"closed","ping_status":"closed","template":"","meta":{"inline_featured_image":false,"footnotes":""},"class_list":["post-444","page","type-page","status-publish","has-post-thumbnail","hentry"],"_links":{"self":[{"href":"https:\/\/morstar.vn\/vi\/wp-json\/wp\/v2\/pages\/444","targetHints":{"allow":["GET"]}}],"collection":[{"href":"https:\/\/morstar.vn\/vi\/wp-json\/wp\/v2\/pages"}],"about":[{"href":"https:\/\/morstar.vn\/vi\/wp-json\/wp\/v2\/types\/page"}],"author":[{"embeddable":true,"href":"https:\/\/morstar.vn\/vi\/wp-json\/wp\/v2\/users\/1"}],"replies":[{"embeddable":true,"href":"https:\/\/morstar.vn\/vi\/wp-json\/wp\/v2\/comments?post=444"}],"version-history":[{"count":0,"href":"https:\/\/morstar.vn\/vi\/wp-json\/wp\/v2\/pages\/444\/revisions"}],"up":[{"embeddable":true,"href":"https:\/\/morstar.vn\/vi\/wp-json\/wp\/v2\/pages\/440"}],"wp:featuredmedia":[{"embeddable":true,"href":"https:\/\/morstar.vn\/vi\/wp-json\/wp\/v2\/media\/30909"}],"wp:attachment":[{"href":"https:\/\/morstar.vn\/vi\/wp-json\/wp\/v2\/media?parent=444"}],"curies":[{"name":"wp","href":"https:\/\/api.w.org\/{rel}","templated":true}]}}