{"id":423,"date":"2020-10-26T12:10:25","date_gmt":"2020-10-26T12:10:25","guid":{"rendered":"http:\/\/amwerk.bold-themes.com\/berlin\/?page_id=423"},"modified":"2020-10-26T12:10:25","modified_gmt":"2020-10-26T12:10:25","slug":"cart","status":"publish","type":"page","link":"https:\/\/morstar.vn\/vi\/cua-hang-2\/cart\/","title":{"rendered":"Cart"},"content":{"rendered":"<section id=\"bt_bb_section69de2a6252df3\" class=\"bt_bb_section bt_bb_layout_wide bt_bb_vertical_align_top bt_bb_top_spacing_medium bt_bb_bottom_spacing_medium\"  data-bt-override-class=\"null\"><div class=\"bt_bb_port\"><div class=\"bt_bb_cell\"><div class=\"bt_bb_cell_inner\"><div class=\"bt_bb_row\"  data-bt-override-class=\"{}\"><div class=\"bt_bb_row_holder\" ><div  class=\"bt_bb_column col-xxl-12 col-xl-12 bt_bb_vertical_align_top bt_bb_align_left bt_bb_padding_normal\" style=\"; --column-width:12;\" data-width=\"12\" data-bt-override-class=\"{}\"><div class=\"bt_bb_column_content\"><div class=\"bt_bb_column_content_inner\"><div  class=\"bt_bb_text\" ><\/div><\/div><\/div><\/div><\/div><\/div><\/div><!-- cell_inner --><\/div><!-- cell --><\/div><!-- port --><\/section>","protected":false},"excerpt":{"rendered":"<p>Ho\u00e0n to\u00e0n th\u00fac \u0111\u1ea9y m\u1ed1i quan h\u1ec7 \u0111\u00e1nh thu\u1ebf t\u00e0i nguy\u00ean th\u00f4ng qua c\u00e1c th\u1ecb tr\u01b0\u1eddng ng\u00e1ch h\u00e0ng \u0111\u1ea7u. Nu\u00f4i d\u01b0\u1ee1ng d\u1ecbch v\u1ee5 kh\u00e1ch h\u00e0ng m\u1ed9t-m\u1ed9t m\u1ed9t c\u00e1ch chuy\u00ean nghi\u1ec7p v\u1edbi nh\u1eefng \u00fd t\u01b0\u1edfng m\u1ea1nh m\u1ebd. \u0110\u1ed5i m\u1edbi n\u0103ng \u0111\u1ed9ng d\u1ecbch v\u1ee5 kh\u00e1ch h\u00e0ng c\u00e2n b\u1eb1ng t\u00e0i nguy\u00ean \u0111\u1ec3 c\u00f3 d\u1ecbch v\u1ee5 kh\u00e1ch h\u00e0ng hi\u1ec7n \u0111\u1ea1i.<\/p>","protected":false},"author":1,"featured_media":585,"parent":409,"menu_order":0,"comment_status":"closed","ping_status":"closed","template":"","meta":{"inline_featured_image":false,"footnotes":""},"class_list":["post-423","page","type-page","status-publish","has-post-thumbnail","hentry"],"_links":{"self":[{"href":"https:\/\/morstar.vn\/vi\/wp-json\/wp\/v2\/pages\/423","targetHints":{"allow":["GET"]}}],"collection":[{"href":"https:\/\/morstar.vn\/vi\/wp-json\/wp\/v2\/pages"}],"about":[{"href":"https:\/\/morstar.vn\/vi\/wp-json\/wp\/v2\/types\/page"}],"author":[{"embeddable":true,"href":"https:\/\/morstar.vn\/vi\/wp-json\/wp\/v2\/users\/1"}],"replies":[{"embeddable":true,"href":"https:\/\/morstar.vn\/vi\/wp-json\/wp\/v2\/comments?post=423"}],"version-history":[{"count":0,"href":"https:\/\/morstar.vn\/vi\/wp-json\/wp\/v2\/pages\/423\/revisions"}],"up":[{"embeddable":true,"href":"https:\/\/morstar.vn\/vi\/wp-json\/wp\/v2\/pages\/409"}],"wp:featuredmedia":[{"embeddable":true,"href":"https:\/\/morstar.vn\/vi\/wp-json\/wp\/v2\/media\/585"}],"wp:attachment":[{"href":"https:\/\/morstar.vn\/vi\/wp-json\/wp\/v2\/media?parent=423"}],"curies":[{"name":"wp","href":"https:\/\/api.w.org\/{rel}","templated":true}]}}