{"id":418,"date":"2020-10-26T12:10:00","date_gmt":"2020-10-26T12:10:00","guid":{"rendered":"http:\/\/amwerk.bold-themes.com\/berlin\/?page_id=418"},"modified":"2024-08-09T06:36:51","modified_gmt":"2024-08-09T06:36:51","slug":"products-categories","status":"publish","type":"page","link":"https:\/\/morstar.vn\/vi\/cua-hang-2\/products-categories\/","title":{"rendered":"Products categories"},"content":{"rendered":"<section id=\"bt_bb_section69e0067bd811e\" class=\"bt_bb_section bt_bb_layout_wide bt_bb_vertical_align_top bt_bb_top_spacing_medium bt_bb_bottom_spacing_medium\"  data-bt-override-class=\"null\"><div class=\"bt_bb_port\"><div class=\"bt_bb_cell\"><div class=\"bt_bb_cell_inner\"><div class=\"bt_bb_row\"  data-bt-override-class=\"{}\"><div class=\"bt_bb_row_holder\" ><div  class=\"bt_bb_column col-xxl-12 col-xl-12 bt_bb_vertical_align_top bt_bb_align_left bt_bb_padding_normal\" style=\"; --column-width:12;\" data-width=\"12\" data-bt-override-class=\"{}\"><div class=\"bt_bb_column_content\"><div class=\"bt_bb_column_content_inner\"><div  class=\"bt_bb_text\" ><div class=\"woocommerce columns-3\"><ul class=\"products columns-3\">\n<li class=\"product-category product first\">\n\t<a aria-label=\"Truy c\u1eadp danh m\u1ee5c s\u1ea3n ph\u1ea9m Circuit Breaker\" href=\"https:\/\/morstar.vn\/vi\/danh-muc-san-pham\/can-ho\/\" data-no-translation-aria-label=\"\"><img decoding=\"async\" src=\"https:\/\/morstar.vn\/wp-content\/uploads\/2024\/08\/IMG_8093-scaled-430x257.jpg\" alt=\"C\u00f4ng t\u1eafc \u0111i\u1ec7n\" width=\"430\" height=\"\" srcset=\"https:\/\/morstar.vn\/wp-content\/uploads\/2024\/08\/IMG_8093-scaled-430x257.jpg 430w, https:\/\/morstar.vn\/wp-content\/uploads\/2024\/08\/IMG_8093-scaled-700x418.jpg 700w, https:\/\/morstar.vn\/wp-content\/uploads\/2024\/08\/IMG_8093-640x382.jpg 640w, https:\/\/morstar.vn\/wp-content\/uploads\/2024\/08\/IMG_8093-1280x764.jpg 1280w, https:\/\/morstar.vn\/wp-content\/uploads\/2024\/08\/IMG_8093-768x458.jpg 768w, https:\/\/morstar.vn\/wp-content\/uploads\/2024\/08\/IMG_8093-1536x917.jpg 1536w, https:\/\/morstar.vn\/wp-content\/uploads\/2024\/08\/IMG_8093-2048x1223.jpg 2048w, https:\/\/morstar.vn\/wp-content\/uploads\/2024\/08\/IMG_8093-18x12.jpg 18w, https:\/\/morstar.vn\/wp-content\/uploads\/2024\/08\/IMG_8093-320x191.jpg 320w\" sizes=\"(max-width: 430px) 100vw, 430px\" \/>\t\t<h2 class=\"woocommerce-loop-category__title\">\n\t\t\tC\u00f4ng t\u1eafc \u0111i\u1ec7n <mark class=\"count\">(7)<\/mark>\t\t<\/h2>\n\t\t<\/a><\/li>\n<li class=\"product-category product\">\n\t<a aria-label=\"Truy c\u1eadp danh m\u1ee5c s\u1ea3n ph\u1ea9m Composite Side Tie\" href=\"https:\/\/morstar.vn\/vi\/danh-muc-san-pham\/composite-side-tie\/\" data-no-translation-aria-label=\"\"><img decoding=\"async\" src=\"https:\/\/morstar.vn\/wp-content\/uploads\/woocommerce-placeholder-430x430.png\" alt=\"D\u00e2y bu\u1ed9c b\u00ean composite\" width=\"430\" height=\"\" \/>\t\t<h2 class=\"woocommerce-loop-category__title\">\n\t\t\tD\u00e2y bu\u1ed9c b\u00ean composite <mark class=\"count\">(2)<\/mark>\t\t<\/h2>\n\t\t<\/a><\/li>\n<li class=\"product-category product last\">\n\t<a aria-label=\"Truy c\u1eadp danh m\u1ee5c s\u1ea3n ph\u1ea9m Distributed Products\" href=\"https:\/\/morstar.vn\/vi\/danh-muc-san-pham\/san-pham-phan-phoi-2\/\" data-no-translation-aria-label=\"\"><img decoding=\"async\" src=\"https:\/\/morstar.vn\/wp-content\/uploads\/2024\/11\/distributed-product-e1732154289799-430x165.jpg\" alt=\"S\u1ea3n ph\u1ea9m ph\u00e2n ph\u1ed1i\" width=\"430\" height=\"\" srcset=\"https:\/\/morstar.vn\/wp-content\/uploads\/2024\/11\/distributed-product-e1732154289799-430x165.jpg 430w, https:\/\/morstar.vn\/wp-content\/uploads\/2024\/11\/distributed-product-e1732154289799-640x246.jpg 640w, https:\/\/morstar.vn\/wp-content\/uploads\/2024\/11\/distributed-product-e1732154289799-768x296.jpg 768w, https:\/\/morstar.vn\/wp-content\/uploads\/2024\/11\/distributed-product-e1732154289799-18x7.jpg 18w, https:\/\/morstar.vn\/wp-content\/uploads\/2024\/11\/distributed-product-e1732154289799-320x123.jpg 320w, https:\/\/morstar.vn\/wp-content\/uploads\/2024\/11\/distributed-product-e1732154289799-700x269.jpg 700w, https:\/\/morstar.vn\/wp-content\/uploads\/2024\/11\/distributed-product-e1732154289799.jpg 868w\" sizes=\"(max-width: 430px) 100vw, 430px\" \/>\t\t<h2 class=\"woocommerce-loop-category__title\">\n\t\t\tS\u1ea3n ph\u1ea9m ph\u00e2n ph\u1ed1i <mark class=\"count\">(19)<\/mark>\t\t<\/h2>\n\t\t<\/a><\/li>\n<li class=\"product-category product first\">\n\t<a aria-label=\"Truy c\u1eadp danh m\u1ee5c s\u1ea3n ph\u1ea9m Electrical Safety Products\" href=\"https:\/\/morstar.vn\/vi\/danh-muc-san-pham\/san-pham-an-toan-dien\/\" data-no-translation-aria-label=\"\"><img decoding=\"async\" src=\"https:\/\/morstar.vn\/wp-content\/uploads\/2024\/08\/IMG_8889-scaled-430x304.jpg\" alt=\"S\u1ea3n ph\u1ea9m \u0111i\u1ec7n an to\u00e0n\" width=\"430\" height=\"\" srcset=\"https:\/\/morstar.vn\/wp-content\/uploads\/2024\/08\/IMG_8889-scaled-430x304.jpg 430w, https:\/\/morstar.vn\/wp-content\/uploads\/2024\/08\/IMG_8889-scaled-700x494.jpg 700w, https:\/\/morstar.vn\/wp-content\/uploads\/2024\/08\/IMG_8889-640x452.jpg 640w, https:\/\/morstar.vn\/wp-content\/uploads\/2024\/08\/IMG_8889-1280x904.jpg 1280w, https:\/\/morstar.vn\/wp-content\/uploads\/2024\/08\/IMG_8889-768x542.jpg 768w, https:\/\/morstar.vn\/wp-content\/uploads\/2024\/08\/IMG_8889-1536x1085.jpg 1536w, https:\/\/morstar.vn\/wp-content\/uploads\/2024\/08\/IMG_8889-2048x1446.jpg 2048w, https:\/\/morstar.vn\/wp-content\/uploads\/2024\/08\/IMG_8889-18x12.jpg 18w, https:\/\/morstar.vn\/wp-content\/uploads\/2024\/08\/IMG_8889-320x226.jpg 320w\" sizes=\"(max-width: 430px) 100vw, 430px\" \/>\t\t<h2 class=\"woocommerce-loop-category__title\">\n\t\t\tS\u1ea3n ph\u1ea9m \u0111i\u1ec7n an to\u00e0n <mark class=\"count\">(8)<\/mark>\t\t<\/h2>\n\t\t<\/a><\/li>\n<li class=\"product-category product\">\n\t<a aria-label=\"Truy c\u1eadp danh m\u1ee5c s\u1ea3n ph\u1ea9m FRP (Composite)\" href=\"https:\/\/morstar.vn\/vi\/danh-muc-san-pham\/vat-lieu-tong-hop-frp-2\/\" data-no-translation-aria-label=\"\"><img decoding=\"async\" src=\"https:\/\/morstar.vn\/wp-content\/uploads\/2024\/08\/composite-profile-430x247.jpg\" alt=\"FRP (Composite)\" width=\"430\" height=\"\" srcset=\"https:\/\/morstar.vn\/wp-content\/uploads\/2024\/08\/composite-profile-430x247.jpg 430w, https:\/\/morstar.vn\/wp-content\/uploads\/2024\/08\/composite-profile-320x184.jpg 320w, https:\/\/morstar.vn\/wp-content\/uploads\/2024\/08\/composite-profile.jpg 500w\" sizes=\"(max-width: 430px) 100vw, 430px\" \/>\t\t<h2 class=\"woocommerce-loop-category__title\">\n\t\t\tFRP (T\u1ed5ng h\u1ee3p) <mark class=\"count\">(4)<\/mark>\t\t<\/h2>\n\t\t<\/a><\/li>\n<li class=\"product-category product last\">\n\t<a aria-label=\"Truy c\u1eadp danh m\u1ee5c s\u1ea3n ph\u1ea9m Fuse Cutouts\" href=\"https:\/\/morstar.vn\/vi\/danh-muc-san-pham\/cau-chi-cat\/\" data-no-translation-aria-label=\"\"><img decoding=\"async\" src=\"https:\/\/morstar.vn\/wp-content\/uploads\/2024\/08\/DSC07839-430x287.jpg\" alt=\"D\u00e2y ch\u00ec\" width=\"430\" height=\"\" srcset=\"https:\/\/morstar.vn\/wp-content\/uploads\/2024\/08\/DSC07839-430x287.jpg 430w, https:\/\/morstar.vn\/wp-content\/uploads\/2024\/08\/DSC07839-700x467.jpg 700w, https:\/\/morstar.vn\/wp-content\/uploads\/2024\/08\/DSC07839-640x427.jpg 640w, https:\/\/morstar.vn\/wp-content\/uploads\/2024\/08\/DSC07839-1280x854.jpg 1280w, https:\/\/morstar.vn\/wp-content\/uploads\/2024\/08\/DSC07839-768x512.jpg 768w, https:\/\/morstar.vn\/wp-content\/uploads\/2024\/08\/DSC07839-1536x1025.jpg 1536w, https:\/\/morstar.vn\/wp-content\/uploads\/2024\/08\/DSC07839-18x12.jpg 18w, https:\/\/morstar.vn\/wp-content\/uploads\/2024\/08\/DSC07839-320x213.jpg 320w, https:\/\/morstar.vn\/wp-content\/uploads\/2024\/08\/DSC07839.jpg 2000w\" sizes=\"(max-width: 430px) 100vw, 430px\" \/>\t\t<h2 class=\"woocommerce-loop-category__title\">\n\t\t\tD\u00e2y ch\u00ec <mark class=\"count\">(2)<\/mark>\t\t<\/h2>\n\t\t<\/a><\/li>\n<li class=\"product-category product first\">\n\t<a aria-label=\"Truy c\u1eadp danh m\u1ee5c s\u1ea3n ph\u1ea9m Helical Products\" href=\"https:\/\/morstar.vn\/vi\/danh-muc-san-pham\/san-pham-dang-duong-hinh-thanh-2\/\" data-no-translation-aria-label=\"\"><img decoding=\"async\" src=\"https:\/\/morstar.vn\/wp-content\/uploads\/2024\/08\/prefixed-profile-430x247.jpg\" alt=\"S\u1ea3n ph\u1ea9m \u0111\u1ecbnh h\u00ecnh\" width=\"430\" height=\"\" srcset=\"https:\/\/morstar.vn\/wp-content\/uploads\/2024\/08\/prefixed-profile-430x247.jpg 430w, https:\/\/morstar.vn\/wp-content\/uploads\/2024\/08\/prefixed-profile-320x184.jpg 320w, https:\/\/morstar.vn\/wp-content\/uploads\/2024\/08\/prefixed-profile.jpg 500w\" sizes=\"(max-width: 430px) 100vw, 430px\" \/>\t\t<h2 class=\"woocommerce-loop-category__title\">\n\t\t\tS\u1ea3n ph\u1ea9m \u0111\u1ecbnh h\u00ecnh <mark class=\"count\">(11)<\/mark>\t\t<\/h2>\n\t\t<\/a><\/li>\n<li class=\"product-category product\">\n\t<a aria-label=\"Truy c\u1eadp danh m\u1ee5c s\u1ea3n ph\u1ea9m Industrial Electric\" href=\"https:\/\/morstar.vn\/vi\/danh-muc-san-pham\/dien-cong-nghiep\/\" data-no-translation-aria-label=\"\"><img decoding=\"async\" src=\"https:\/\/morstar.vn\/wp-content\/uploads\/2024\/11\/sevice-430x242.jpg\" alt=\"\u0110i\u1ec7n c\u00f4ng nghi\u1ec7p\" width=\"430\" height=\"\" srcset=\"https:\/\/morstar.vn\/wp-content\/uploads\/2024\/11\/sevice-430x242.jpg 430w, https:\/\/morstar.vn\/wp-content\/uploads\/2024\/11\/sevice-640x360.jpg 640w, https:\/\/morstar.vn\/wp-content\/uploads\/2024\/11\/sevice-768x432.jpg 768w, https:\/\/morstar.vn\/wp-content\/uploads\/2024\/11\/sevice-18x10.jpg 18w, https:\/\/morstar.vn\/wp-content\/uploads\/2024\/11\/sevice-320x180.jpg 320w, https:\/\/morstar.vn\/wp-content\/uploads\/2024\/11\/sevice-700x394.jpg 700w, https:\/\/morstar.vn\/wp-content\/uploads\/2024\/11\/sevice.jpg 1000w\" sizes=\"(max-width: 430px) 100vw, 430px\" \/>\t\t<h2 class=\"woocommerce-loop-category__title\">\n\t\t\t\u0110i\u1ec7n c\u00f4ng nghi\u1ec7p <mark class=\"count\">(21)<\/mark>\t\t<\/h2>\n\t\t<\/a><\/li>\n<li class=\"product-category product last\">\n\t<a aria-label=\"Truy c\u1eadp danh m\u1ee5c s\u1ea3n ph\u1ea9m Insulation Piercing Connector (IPC)\" href=\"https:\/\/morstar.vn\/vi\/danh-muc-san-pham\/dau-noi-xuyen-cach-dien-ipc\/\" data-no-translation-aria-label=\"\"><img decoding=\"async\" src=\"https:\/\/morstar.vn\/wp-content\/uploads\/2024\/08\/ipc-profile-430x247.jpg\" alt=\"K\u1eb9p IPC\" width=\"430\" height=\"\" srcset=\"https:\/\/morstar.vn\/wp-content\/uploads\/2024\/08\/ipc-profile-430x247.jpg 430w, https:\/\/morstar.vn\/wp-content\/uploads\/2024\/08\/ipc-profile-320x184.jpg 320w, https:\/\/morstar.vn\/wp-content\/uploads\/2024\/08\/ipc-profile.jpg 500w\" sizes=\"(max-width: 430px) 100vw, 430px\" \/>\t\t<h2 class=\"woocommerce-loop-category__title\">\n\t\t\t\u0110\u1ea7u n\u1ed1i xuy\u00ean c\u00e1ch \u0111i\u1ec7n (IPC) <mark class=\"count\">(1)<\/mark>\t\t<\/h2>\n\t\t<\/a><\/li>\n<li class=\"product-category product first\">\n\t<a aria-label=\"Truy c\u1eadp danh m\u1ee5c s\u1ea3n ph\u1ea9m Lightning Arrester\" href=\"https:\/\/morstar.vn\/vi\/danh-muc-san-pham\/thiet-bi-chong-set\/\" data-no-translation-aria-label=\"\"><img decoding=\"async\" src=\"https:\/\/morstar.vn\/wp-content\/uploads\/2024\/08\/lighting-arresor-1-scaled-430x287.jpg\" alt=\"Thi\u1ebft b\u1ecb ch\u1ed1ng s\u00e9t\" width=\"430\" height=\"\" srcset=\"https:\/\/morstar.vn\/wp-content\/uploads\/2024\/08\/lighting-arresor-1-scaled-430x287.jpg 430w, https:\/\/morstar.vn\/wp-content\/uploads\/2024\/08\/lighting-arresor-1-scaled-700x467.jpg 700w, https:\/\/morstar.vn\/wp-content\/uploads\/2024\/08\/lighting-arresor-1-640x427.jpg 640w, https:\/\/morstar.vn\/wp-content\/uploads\/2024\/08\/lighting-arresor-1-1280x854.jpg 1280w, https:\/\/morstar.vn\/wp-content\/uploads\/2024\/08\/lighting-arresor-1-768x512.jpg 768w, https:\/\/morstar.vn\/wp-content\/uploads\/2024\/08\/lighting-arresor-1-1536x1024.jpg 1536w, https:\/\/morstar.vn\/wp-content\/uploads\/2024\/08\/lighting-arresor-1-2048x1366.jpg 2048w, https:\/\/morstar.vn\/wp-content\/uploads\/2024\/08\/lighting-arresor-1-18x12.jpg 18w, https:\/\/morstar.vn\/wp-content\/uploads\/2024\/08\/lighting-arresor-1-320x213.jpg 320w\" sizes=\"(max-width: 430px) 100vw, 430px\" \/>\t\t<h2 class=\"woocommerce-loop-category__title\">\n\t\t\tThi\u1ebft b\u1ecb ch\u1ed1ng s\u00e9t <mark class=\"count\">(1)<\/mark>\t\t<\/h2>\n\t\t<\/a><\/li>\n<li class=\"product-category product\">\n\t<a aria-label=\"Truy c\u1eadp danh m\u1ee5c s\u1ea3n ph\u1ea9m Line Safety Protection Device\" href=\"https:\/\/morstar.vn\/vi\/danh-muc-san-pham\/thiet-bi-bao-ve-an-toan-duong-ngay\/\" data-no-translation-aria-label=\"\"><img decoding=\"async\" src=\"https:\/\/morstar.vn\/wp-content\/uploads\/woocommerce-placeholder-430x430.png\" alt=\"Thi\u1ebft b\u1ecb b\u1ea3o v\u1ec7 an to\u00e0n \u0111\u01b0\u1eddng d\u00e2y\" width=\"430\" height=\"\" \/>\t\t<h2 class=\"woocommerce-loop-category__title\">\n\t\t\tThi\u1ebft b\u1ecb b\u1ea3o v\u1ec7 an to\u00e0n \u0111\u01b0\u1eddng d\u00e2y <mark class=\"count\">(1)<\/mark>\t\t<\/h2>\n\t\t<\/a><\/li>\n<li class=\"product-category product last\">\n\t<a aria-label=\"Truy c\u1eadp danh m\u1ee5c s\u1ea3n ph\u1ea9m Manufacturing Products\" href=\"https:\/\/morstar.vn\/vi\/danh-muc-san-pham\/san-xuat-san-pham-2\/\" data-no-translation-aria-label=\"\"><img decoding=\"async\" src=\"https:\/\/morstar.vn\/wp-content\/uploads\/2024\/08\/morstar-electric-factory-vietnam-430x242.jpg\" alt=\"S\u1ea3n ph\u1ea9m s\u1ea3n xu\u1ea5t\" width=\"430\" height=\"\" srcset=\"https:\/\/morstar.vn\/wp-content\/uploads\/2024\/08\/morstar-electric-factory-vietnam-430x242.jpg 430w, https:\/\/morstar.vn\/wp-content\/uploads\/2024\/08\/morstar-electric-factory-vietnam-700x394.jpg 700w, https:\/\/morstar.vn\/wp-content\/uploads\/2024\/08\/morstar-electric-factory-vietnam-640x360.jpg 640w, https:\/\/morstar.vn\/wp-content\/uploads\/2024\/08\/morstar-electric-factory-vietnam-1280x720.jpg 1280w, https:\/\/morstar.vn\/wp-content\/uploads\/2024\/08\/morstar-electric-factory-vietnam-768x432.jpg 768w, https:\/\/morstar.vn\/wp-content\/uploads\/2024\/08\/morstar-electric-factory-vietnam-1536x864.jpg 1536w, https:\/\/morstar.vn\/wp-content\/uploads\/2024\/08\/morstar-electric-factory-vietnam-18x10.jpg 18w, https:\/\/morstar.vn\/wp-content\/uploads\/2024\/08\/morstar-electric-factory-vietnam-320x180.jpg 320w, https:\/\/morstar.vn\/wp-content\/uploads\/2024\/08\/morstar-electric-factory-vietnam.jpg 2000w\" sizes=\"(max-width: 430px) 100vw, 430px\" \/>\t\t<h2 class=\"woocommerce-loop-category__title\">\n\t\t\tS\u1ea3n ph\u1ea9m s\u1ea3n xu\u1ea5t <mark class=\"count\">(34)<\/mark>\t\t<\/h2>\n\t\t<\/a><\/li>\n<li class=\"product-category product first\">\n\t<a aria-label=\"Truy c\u1eadp danh m\u1ee5c s\u1ea3n ph\u1ea9m Metal Fitting\" href=\"https:\/\/morstar.vn\/vi\/danh-muc-san-pham\/metal-fitting\/\" data-no-translation-aria-label=\"\"><img decoding=\"async\" src=\"https:\/\/morstar.vn\/wp-content\/uploads\/woocommerce-placeholder-430x430.png\" alt=\"Ph\u1ee5 ki\u1ec7n kim lo\u1ea1i\" width=\"430\" height=\"\" \/>\t\t<h2 class=\"woocommerce-loop-category__title\">\n\t\t\tPh\u1ee5 ki\u1ec7n kim lo\u1ea1i <mark class=\"count\">(2)<\/mark>\t\t<\/h2>\n\t\t<\/a><\/li>\n<li class=\"product-category product\">\n\t<a aria-label=\"Truy c\u1eadp danh m\u1ee5c s\u1ea3n ph\u1ea9m Metal Tie\" href=\"https:\/\/morstar.vn\/vi\/danh-muc-san-pham\/ca-vat-kim-loai\/\" data-no-translation-aria-label=\"\"><img decoding=\"async\" src=\"https:\/\/morstar.vn\/wp-content\/uploads\/2024\/08\/DSC07932-430x287.jpg\" alt=\"Thanh kim lo\u1ea1i\" width=\"430\" height=\"\" srcset=\"https:\/\/morstar.vn\/wp-content\/uploads\/2024\/08\/DSC07932-430x287.jpg 430w, https:\/\/morstar.vn\/wp-content\/uploads\/2024\/08\/DSC07932-700x467.jpg 700w, https:\/\/morstar.vn\/wp-content\/uploads\/2024\/08\/DSC07932-640x427.jpg 640w, https:\/\/morstar.vn\/wp-content\/uploads\/2024\/08\/DSC07932-1280x854.jpg 1280w, https:\/\/morstar.vn\/wp-content\/uploads\/2024\/08\/DSC07932-768x512.jpg 768w, https:\/\/morstar.vn\/wp-content\/uploads\/2024\/08\/DSC07932-1536x1025.jpg 1536w, https:\/\/morstar.vn\/wp-content\/uploads\/2024\/08\/DSC07932-18x12.jpg 18w, https:\/\/morstar.vn\/wp-content\/uploads\/2024\/08\/DSC07932-320x213.jpg 320w, https:\/\/morstar.vn\/wp-content\/uploads\/2024\/08\/DSC07932.jpg 2000w\" sizes=\"(max-width: 430px) 100vw, 430px\" \/>\t\t<h2 class=\"woocommerce-loop-category__title\">\n\t\t\tThanh kim lo\u1ea1i <mark class=\"count\">(4)<\/mark>\t\t<\/h2>\n\t\t<\/a><\/li>\n<li class=\"product-category product last\">\n\t<a aria-label=\"Truy c\u1eadp danh m\u1ee5c s\u1ea3n ph\u1ea9m Plastic Tie\" href=\"https:\/\/morstar.vn\/vi\/danh-muc-san-pham\/ca-vat-nhua\/\" data-no-translation-aria-label=\"\"><img decoding=\"async\" src=\"https:\/\/morstar.vn\/wp-content\/uploads\/2024\/08\/plastic-double-side-ties-430x383.png\" alt=\"Gi\u00e1p bu\u1ed9c\" width=\"430\" height=\"\" srcset=\"https:\/\/morstar.vn\/wp-content\/uploads\/2024\/08\/plastic-double-side-ties-430x383.png 430w, https:\/\/morstar.vn\/wp-content\/uploads\/2024\/08\/plastic-double-side-ties-640x570.png 640w, https:\/\/morstar.vn\/wp-content\/uploads\/2024\/08\/plastic-double-side-ties-320x285.png 320w, https:\/\/morstar.vn\/wp-content\/uploads\/2024\/08\/plastic-double-side-ties.png 700w\" sizes=\"(max-width: 430px) 100vw, 430px\" \/>\t\t<h2 class=\"woocommerce-loop-category__title\">\n\t\t\tGi\u00e1p bu\u1ed9c <mark class=\"count\">(10)<\/mark>\t\t<\/h2>\n\t\t<\/a><\/li>\n<li class=\"product-category product first\">\n\t<a aria-label=\"Truy c\u1eadp danh m\u1ee5c s\u1ea3n ph\u1ea9m POWER POLES\" href=\"https:\/\/morstar.vn\/vi\/danh-muc-san-pham\/cot-dien-2\/\" data-no-translation-aria-label=\"\"><img decoding=\"async\" src=\"https:\/\/morstar.vn\/wp-content\/uploads\/woocommerce-placeholder-430x430.png\" alt=\"C\u1ed8T \u0110I\u1ec6N\" width=\"430\" height=\"\" \/>\t\t<h2 class=\"woocommerce-loop-category__title\">\n\t\t\tC\u1ed8T \u0110I\u1ec6N <mark class=\"count\">(1)<\/mark>\t\t<\/h2>\n\t\t<\/a><\/li>\n<li class=\"product-category product\">\n\t<a aria-label=\"Truy c\u1eadp danh m\u1ee5c s\u1ea3n ph\u1ea9m REGID\" href=\"https:\/\/morstar.vn\/vi\/danh-muc-san-pham\/dang-ky-2\/\" data-no-translation-aria-label=\"\"><img decoding=\"async\" src=\"https:\/\/morstar.vn\/wp-content\/uploads\/woocommerce-placeholder-430x430.png\" alt=\"Regid\" width=\"430\" height=\"\" \/>\t\t<h2 class=\"woocommerce-loop-category__title\">\n\t\t\tRegid <mark class=\"count\">(1)<\/mark>\t\t<\/h2>\n\t\t<\/a><\/li>\n<li class=\"product-category product last\">\n\t<a aria-label=\"Truy c\u1eadp danh m\u1ee5c s\u1ea3n ph\u1ea9m Renewable Energy Products\" href=\"https:\/\/morstar.vn\/vi\/danh-muc-san-pham\/san-pham-nang-luong-tai-tao-4\/\" data-no-translation-aria-label=\"\"><img decoding=\"async\" src=\"https:\/\/morstar.vn\/wp-content\/uploads\/2024\/09\/Renewable-Recycled-Energy-Products-430x307.jpg\" alt=\"S\u1ea3n ph\u1ea9m n\u0103ng l\u01b0\u1ee3ng t\u00e1i t\u1ea1o\" width=\"430\" height=\"\" srcset=\"https:\/\/morstar.vn\/wp-content\/uploads\/2024\/09\/Renewable-Recycled-Energy-Products-430x307.jpg 430w, https:\/\/morstar.vn\/wp-content\/uploads\/2024\/09\/Renewable-Recycled-Energy-Products-700x500.jpg 700w, https:\/\/morstar.vn\/wp-content\/uploads\/2024\/09\/Renewable-Recycled-Energy-Products-640x457.jpg 640w, https:\/\/morstar.vn\/wp-content\/uploads\/2024\/09\/Renewable-Recycled-Energy-Products-1280x914.jpg 1280w, https:\/\/morstar.vn\/wp-content\/uploads\/2024\/09\/Renewable-Recycled-Energy-Products-768x549.jpg 768w, https:\/\/morstar.vn\/wp-content\/uploads\/2024\/09\/Renewable-Recycled-Energy-Products-18x12.jpg 18w, https:\/\/morstar.vn\/wp-content\/uploads\/2024\/09\/Renewable-Recycled-Energy-Products-320x229.jpg 320w, https:\/\/morstar.vn\/wp-content\/uploads\/2024\/09\/Renewable-Recycled-Energy-Products.jpg 1512w\" sizes=\"(max-width: 430px) 100vw, 430px\" \/>\t\t<h2 class=\"woocommerce-loop-category__title\">\n\t\t\tS\u1ea3n ph\u1ea9m n\u0103ng l\u01b0\u1ee3ng t\u00e1i t\u1ea1o <mark class=\"count\">(2)<\/mark>\t\t<\/h2>\n\t\t<\/a><\/li>\n<li class=\"product-category product first\">\n\t<a aria-label=\"Truy c\u1eadp danh m\u1ee5c s\u1ea3n ph\u1ea9m Services\" href=\"https:\/\/morstar.vn\/vi\/danh-muc-san-pham\/dich-vu\/\" data-no-translation-aria-label=\"\"><img decoding=\"async\" src=\"https:\/\/morstar.vn\/wp-content\/uploads\/2024\/11\/Service-e1732259901676-430x191.png\" alt=\"D\u1ecbch v\u1ee5\" width=\"430\" height=\"\" srcset=\"https:\/\/morstar.vn\/wp-content\/uploads\/2024\/11\/Service-e1732259901676-430x191.png 430w, https:\/\/morstar.vn\/wp-content\/uploads\/2024\/11\/Service-e1732259901676-640x285.png 640w, https:\/\/morstar.vn\/wp-content\/uploads\/2024\/11\/Service-e1732259901676-768x342.png 768w, https:\/\/morstar.vn\/wp-content\/uploads\/2024\/11\/Service-e1732259901676-18x8.png 18w, https:\/\/morstar.vn\/wp-content\/uploads\/2024\/11\/Service-e1732259901676-320x142.png 320w, https:\/\/morstar.vn\/wp-content\/uploads\/2024\/11\/Service-e1732259901676-700x312.png 700w, https:\/\/morstar.vn\/wp-content\/uploads\/2024\/11\/Service-e1732259901676.png 1020w\" sizes=\"(max-width: 430px) 100vw, 430px\" \/>\t\t<h2 class=\"woocommerce-loop-category__title\">\n\t\t\tD\u1ecbch v\u1ee5 <mark class=\"count\">(4)<\/mark>\t\t<\/h2>\n\t\t<\/a><\/li>\n<\/ul>\n<\/div><\/div><\/div><\/div><\/div><\/div><\/div><\/div><!-- cell_inner --><\/div><!-- cell --><\/div><!-- port --><\/section>","protected":false},"excerpt":{"rendered":"<p>\u0110\u01b0a ra c\u00e1c chi\u1ebfn l\u01b0\u1ee3c sinh t\u1ed3n \u0111\u00f4i b\u00ean c\u00f9ng c\u00f3 l\u1ee3i \u0111\u1ec3 \u0111\u1ea3m b\u1ea3o s\u1ef1 th\u1ed1ng tr\u1ecb ch\u1ee7 \u0111\u1ed9ng. V\u00e0o cu\u1ed1i ng\u00e0y, ti\u1ebfn v\u1ec1 ph\u00eda tr\u01b0\u1edbc, m\u1ed9t tr\u1ea1ng th\u00e1i b\u00ecnh th\u01b0\u1eddng m\u1edbi \u0111\u00e3 ph\u00e1t tri\u1ec3n t\u1eeb th\u1ebf h\u1ec7 X \u0111ang tr\u00ean \u0111\u01b0\u1eddng h\u01b0\u1edbng t\u1edbi m\u1ed9t gi\u1ea3i ph\u00e1p \u0111\u00e1m m\u00e2y h\u1ee3p l\u00fd.<\/p>","protected":false},"author":1,"featured_media":0,"parent":409,"menu_order":0,"comment_status":"closed","ping_status":"closed","template":"","meta":{"inline_featured_image":false,"footnotes":""},"class_list":["post-418","page","type-page","status-publish","hentry"],"_links":{"self":[{"href":"https:\/\/morstar.vn\/vi\/wp-json\/wp\/v2\/pages\/418","targetHints":{"allow":["GET"]}}],"collection":[{"href":"https:\/\/morstar.vn\/vi\/wp-json\/wp\/v2\/pages"}],"about":[{"href":"https:\/\/morstar.vn\/vi\/wp-json\/wp\/v2\/types\/page"}],"author":[{"embeddable":true,"href":"https:\/\/morstar.vn\/vi\/wp-json\/wp\/v2\/users\/1"}],"replies":[{"embeddable":true,"href":"https:\/\/morstar.vn\/vi\/wp-json\/wp\/v2\/comments?post=418"}],"version-history":[{"count":0,"href":"https:\/\/morstar.vn\/vi\/wp-json\/wp\/v2\/pages\/418\/revisions"}],"up":[{"embeddable":true,"href":"https:\/\/morstar.vn\/vi\/wp-json\/wp\/v2\/pages\/409"}],"wp:attachment":[{"href":"https:\/\/morstar.vn\/vi\/wp-json\/wp\/v2\/media?parent=418"}],"curies":[{"name":"wp","href":"https:\/\/api.w.org\/{rel}","templated":true}]}}