{"id":409,"date":"2020-10-26T12:08:48","date_gmt":"2020-10-26T12:08:48","guid":{"rendered":"http:\/\/amwerk.bold-themes.com\/berlin\/?page_id=409"},"modified":"2024-11-15T03:57:41","modified_gmt":"2024-11-15T03:57:41","slug":"cua-hang-2","status":"publish","type":"page","link":"https:\/\/morstar.vn\/vi\/cua-hang-2\/","title":{"rendered":"C\u1eeda h\u00e0ng"},"content":{"rendered":"","protected":false},"excerpt":{"rendered":"<p>Qu\u1ea3n l\u00fd h\u1ee3p t\u00e1c c\u00e1c th\u1ecb tr\u01b0\u1eddng \u0111\u01b0\u1ee3c trao quy\u1ec1n th\u00f4ng qua m\u1ea1ng l\u01b0\u1edbi plug-and-play. Tr\u00ec ho\u00e3n ng\u01b0\u1eddi d\u00f9ng B2C m\u1ed9t c\u00e1ch n\u0103ng \u0111\u1ed9ng sau khi c\u00e0i \u0111\u1eb7t c\u00e1c l\u1ee3i \u00edch c\u01a1 s\u1edf. H\u00ecnh dung r\u00f5 n\u00e9t s\u1ef1 h\u1ed9i t\u1ee5 h\u01b0\u1edbng \u0111\u1ebfn kh\u00e1ch h\u00e0ng m\u00e0 kh\u00f4ng c\u00f3 ROI mang t\u00ednh c\u00e1ch m\u1ea1ng.<\/p>","protected":false},"author":1,"featured_media":30753,"parent":0,"menu_order":0,"comment_status":"closed","ping_status":"closed","template":"","meta":{"inline_featured_image":false,"footnotes":""},"class_list":["post-409","page","type-page","status-publish","has-post-thumbnail","hentry"],"_links":{"self":[{"href":"https:\/\/morstar.vn\/vi\/wp-json\/wp\/v2\/pages\/409","targetHints":{"allow":["GET"]}}],"collection":[{"href":"https:\/\/morstar.vn\/vi\/wp-json\/wp\/v2\/pages"}],"about":[{"href":"https:\/\/morstar.vn\/vi\/wp-json\/wp\/v2\/types\/page"}],"author":[{"embeddable":true,"href":"https:\/\/morstar.vn\/vi\/wp-json\/wp\/v2\/users\/1"}],"replies":[{"embeddable":true,"href":"https:\/\/morstar.vn\/vi\/wp-json\/wp\/v2\/comments?post=409"}],"version-history":[{"count":0,"href":"https:\/\/morstar.vn\/vi\/wp-json\/wp\/v2\/pages\/409\/revisions"}],"wp:featuredmedia":[{"embeddable":true,"href":"https:\/\/morstar.vn\/vi\/wp-json\/wp\/v2\/media\/30753"}],"wp:attachment":[{"href":"https:\/\/morstar.vn\/vi\/wp-json\/wp\/v2\/media?parent=409"}],"curies":[{"name":"wp","href":"https:\/\/api.w.org\/{rel}","templated":true}]}}