{"id":27889,"date":"2020-10-26T12:21:35","date_gmt":"2020-10-26T12:21:35","guid":{"rendered":"http:\/\/amwerk.bold-themes.com\/berlin\/?page_id=472"},"modified":"2024-08-09T06:36:51","modified_gmt":"2024-08-09T06:36:51","slug":"news-grid-five-columns","status":"publish","type":"page","link":"https:\/\/morstar.vn\/vi\/news\/news-grid-five-columns\/","title":{"rendered":"News grid five columns"},"content":{"rendered":"<section id=\"bt_bb_section69e736f9ba641\" class=\"bt_bb_section bt_bb_layout_boxed_1600 bt_bb_vertical_align_top bt_bb_top_spacing_medium bt_bb_bottom_spacing_large\"  data-bt-override-class=\"null\"><div class=\"bt_bb_port\"><div class=\"bt_bb_cell\"><div class=\"bt_bb_cell_inner\"><div class=\"bt_bb_row\"  data-bt-override-class=\"{}\"><div class=\"bt_bb_row_holder\" ><div  class=\"bt_bb_column col-xxl-12 col-xl-12 bt_bb_vertical_align_top bt_bb_align_left bt_bb_padding_normal\" style=\"; --column-width:12;\" data-width=\"12\" data-bt-override-class=\"{}\"><div class=\"bt_bb_column_content\"><div class=\"bt_bb_column_content_inner\"><div class=\"bt_bb_masonry_post_grid bt_bb_grid_container bt_bb_columns_5 bt_bb_gap_normal bt_bb_date_design_triangle\" data-columns=\"5\"><div class=\"bt_bb_masonry_post_grid_content bt_bb_grid_hide\" data-bt-bb-masonry-post-grid-nonce=\"6ff55ef2ed\" data-number=\"10\" data-category=\"\" data-show=\"a%3A7%3A%7Bs%3A8%3A%22category%22%3Bb%3A0%3Bs%3A4%3A%22date%22%3Bb%3A1%3Bs%3A6%3A%22author%22%3Bb%3A1%3Bs%3A8%3A%22comments%22%3Bb%3A1%3Bs%3A7%3A%22excerpt%22%3Bb%3A1%3Bs%3A5%3A%22share%22%3Bb%3A0%3Bs%3A4%3A%22size%22%3Bs%3A23%3A%22boldthemes_large_square%22%3B%7D\" data-auto-loading=\"\" data-post-type=\"post\" data-date-design=\"triangle\" ><div class=\"bt_bb_grid_sizer\"><\/div><\/div><div class=\"bt_bb_post_grid_loader\"><\/div><\/div><\/div><\/div><\/div><\/div><\/div><\/div><!-- cell_inner --><\/div><!-- cell --><\/div><!-- port --><\/section>","protected":false},"excerpt":{"rendered":"<p>Khai th\u00e1c tri\u1ec7t \u0111\u1ec3 c\u00e1c c\u0103n ch\u1ec9nh t\u1ed1i \u01b0u cho b\u0103ng th\u00f4ng tr\u1ef1c quan. Ph\u1ed1i h\u1ee3p nhanh ch\u00f3ng c\u00e1c \u1ee9ng d\u1ee5ng kinh doanh \u0111i\u1ec7n t\u1eed th\u00f4ng qua c\u00e1c ch\u1ea5t x\u00fac t\u00e1c mang t\u00ednh c\u00e1ch m\u1ea1ng \u0111\u1ec3 thay \u0111\u1ed5i. L\u00e0m gi\u1ea3m \u0111\u00e1ng k\u1ec3 c\u00e1c quy tr\u00ecnh th\u1eed nghi\u1ec7m t\u1ed1i \u01b0u trong khi c\u00e1c quy tr\u00ecnh truy\u1ec1n th\u1ed1ng.<\/p>","protected":false},"author":1,"featured_media":591,"parent":464,"menu_order":0,"comment_status":"closed","ping_status":"closed","template":"","meta":{"inline_featured_image":false,"footnotes":""},"class_list":["post-27889","page","type-page","status-publish","has-post-thumbnail","hentry"],"_links":{"self":[{"href":"https:\/\/morstar.vn\/vi\/wp-json\/wp\/v2\/pages\/27889","targetHints":{"allow":["GET"]}}],"collection":[{"href":"https:\/\/morstar.vn\/vi\/wp-json\/wp\/v2\/pages"}],"about":[{"href":"https:\/\/morstar.vn\/vi\/wp-json\/wp\/v2\/types\/page"}],"author":[{"embeddable":true,"href":"https:\/\/morstar.vn\/vi\/wp-json\/wp\/v2\/users\/1"}],"replies":[{"embeddable":true,"href":"https:\/\/morstar.vn\/vi\/wp-json\/wp\/v2\/comments?post=27889"}],"version-history":[{"count":0,"href":"https:\/\/morstar.vn\/vi\/wp-json\/wp\/v2\/pages\/27889\/revisions"}],"up":[{"embeddable":true,"href":"https:\/\/morstar.vn\/vi\/wp-json\/wp\/v2\/pages\/464"}],"wp:featuredmedia":[{"embeddable":true,"href":"https:\/\/morstar.vn\/vi\/wp-json\/wp\/v2\/media\/591"}],"wp:attachment":[{"href":"https:\/\/morstar.vn\/vi\/wp-json\/wp\/v2\/media?parent=27889"}],"curies":[{"name":"wp","href":"https:\/\/api.w.org\/{rel}","templated":true}]}}