{"id":27887,"date":"2020-10-26T12:21:41","date_gmt":"2020-10-26T12:21:41","guid":{"rendered":"http:\/\/amwerk.bold-themes.com\/berlin\/?page_id=474"},"modified":"2024-08-09T06:36:51","modified_gmt":"2024-08-09T06:36:51","slug":"news-grid-four-columns","status":"publish","type":"page","link":"https:\/\/morstar.vn\/vi\/news\/news-grid-four-columns\/","title":{"rendered":"News grid four columns"},"content":{"rendered":"<section id=\"bt_bb_section69debe8286bc3\" class=\"bt_bb_section bt_bb_layout_boxed_1200 bt_bb_vertical_align_top bt_bb_top_spacing_medium bt_bb_bottom_spacing_large\"  data-bt-override-class=\"null\"><div class=\"bt_bb_port\"><div class=\"bt_bb_cell\"><div class=\"bt_bb_cell_inner\"><div class=\"bt_bb_row\"  data-bt-override-class=\"{}\"><div class=\"bt_bb_row_holder\" ><div  class=\"bt_bb_column col-xxl-12 col-xl-12 bt_bb_vertical_align_top bt_bb_align_left bt_bb_padding_normal\" style=\"; --column-width:12;\" data-width=\"12\" data-bt-override-class=\"{}\"><div class=\"bt_bb_column_content\"><div class=\"bt_bb_column_content_inner\"><div class=\"bt_bb_masonry_post_grid bt_bb_grid_container bt_bb_columns_4 bt_bb_gap_normal bt_bb_date_design_triangle\" data-columns=\"4\"><div class=\"bt_bb_post_grid_filter\"><span class=\"bt_bb_post_grid_filter_item active\" data-category=\"\">All<\/span><span class=\"bt_bb_post_grid_filter_item\" data-category=\"uncategorized\">Uncategorized<\/span><span class=\"bt_bb_post_grid_filter_item\" data-category=\"union-activities\">Ho\u1ea1t \u0111\u1ed9ng c\u1ee7a C\u00f4ng \u0111o\u00e0n<\/span><span class=\"bt_bb_post_grid_filter_item\" data-category=\"asian-electricity\">Ng\u00e0nh \u0111i\u1ec7n Ch\u00e2u \u00c1<\/span><span class=\"bt_bb_post_grid_filter_item\" data-category=\"csr-activities\">Ho\u1ea1t \u0111\u1ed9ng CSR<\/span><span class=\"bt_bb_post_grid_filter_item\" data-category=\"press-media\">B\u00e1o ch\u00ed &amp; Truy\u1ec1n th\u00f4ng<\/span><span class=\"bt_bb_post_grid_filter_item\" data-category=\"exhibition\">Tri\u1ec3n l\u00e3m<\/span><\/div><div class=\"bt_bb_masonry_post_grid_content bt_bb_grid_hide\" data-bt-bb-masonry-post-grid-nonce=\"55d3482805\" data-number=\"1000\" data-category=\"\" data-show=\"a%3A7%3A%7Bs%3A8%3A%22category%22%3Bb%3A0%3Bs%3A4%3A%22date%22%3Bb%3A1%3Bs%3A6%3A%22author%22%3Bb%3A0%3Bs%3A8%3A%22comments%22%3Bb%3A0%3Bs%3A7%3A%22excerpt%22%3Bb%3A1%3Bs%3A5%3A%22share%22%3Bb%3A1%3Bs%3A4%3A%22size%22%3Bs%3A23%3A%22boldthemes_large_square%22%3B%7D\" data-auto-loading=\"\" data-post-type=\"post\" data-date-design=\"triangle\" ><div class=\"bt_bb_grid_sizer\"><\/div><\/div><div class=\"bt_bb_post_grid_loader\"><\/div><\/div><\/div><\/div><\/div><\/div><\/div><\/div><!-- cell_inner --><\/div><!-- cell --><\/div><!-- port --><\/section>","protected":false},"excerpt":{"rendered":"<p>T\u00e1i trung gian \u0111\u00e1ng tin c\u1eady c\u00e1c \u00fd t\u01b0\u1edfng backend cho c\u00e1c m\u00f4 h\u00ecnh \u0111a n\u1ec1n t\u1ea3ng. Li\u00ean t\u1ee5c t\u00e1i trung gian c\u00e1c quy tr\u00ecnh t\u00edch h\u1ee3p th\u00f4ng qua v\u1ed1n tr\u00ed tu\u1ec7 v\u1eefng ch\u1eafc v\u1ec1 m\u1eb7t k\u1ef9 thu\u1eadt. Th\u00fac \u0111\u1ea9y to\u00e0n di\u1ec7n c\u00e1c ph\u01b0\u01a1ng ph\u00e1p lu\u1eadn v\u01b0\u1ee3t tr\u1ed9i m\u00e0 kh\u00f4ng c\u00f3 c\u00e1c th\u00f4ng l\u1ec7 t\u1ed1t nh\u1ea5t do th\u1ecb tr\u01b0\u1eddng th\u00fac \u0111\u1ea9y.<\/p>","protected":false},"author":1,"featured_media":593,"parent":464,"menu_order":0,"comment_status":"closed","ping_status":"closed","template":"","meta":{"inline_featured_image":false,"footnotes":""},"class_list":["post-27887","page","type-page","status-publish","has-post-thumbnail","hentry"],"_links":{"self":[{"href":"https:\/\/morstar.vn\/vi\/wp-json\/wp\/v2\/pages\/27887","targetHints":{"allow":["GET"]}}],"collection":[{"href":"https:\/\/morstar.vn\/vi\/wp-json\/wp\/v2\/pages"}],"about":[{"href":"https:\/\/morstar.vn\/vi\/wp-json\/wp\/v2\/types\/page"}],"author":[{"embeddable":true,"href":"https:\/\/morstar.vn\/vi\/wp-json\/wp\/v2\/users\/1"}],"replies":[{"embeddable":true,"href":"https:\/\/morstar.vn\/vi\/wp-json\/wp\/v2\/comments?post=27887"}],"version-history":[{"count":0,"href":"https:\/\/morstar.vn\/vi\/wp-json\/wp\/v2\/pages\/27887\/revisions"}],"up":[{"embeddable":true,"href":"https:\/\/morstar.vn\/vi\/wp-json\/wp\/v2\/pages\/464"}],"wp:featuredmedia":[{"embeddable":true,"href":"https:\/\/morstar.vn\/vi\/wp-json\/wp\/v2\/media\/593"}],"wp:attachment":[{"href":"https:\/\/morstar.vn\/vi\/wp-json\/wp\/v2\/media?parent=27887"}],"curies":[{"name":"wp","href":"https:\/\/api.w.org\/{rel}","templated":true}]}}