{"id":27886,"date":"2020-10-26T12:21:47","date_gmt":"2020-10-26T12:21:47","guid":{"rendered":"http:\/\/amwerk.bold-themes.com\/berlin\/?page_id=476"},"modified":"2024-08-09T06:36:51","modified_gmt":"2024-08-09T06:36:51","slug":"news-grid-six-columns","status":"publish","type":"page","link":"https:\/\/morstar.vn\/vi\/news\/news-grid-six-columns\/","title":{"rendered":"News grid six columns"},"content":{"rendered":"<section id=\"bt_bb_section69e1df3b2b15b\" class=\"bt_bb_section bt_bb_layout_boxed_1600 bt_bb_vertical_align_top bt_bb_top_spacing_medium bt_bb_bottom_spacing_large\"  data-bt-override-class=\"null\"><div class=\"bt_bb_port\"><div class=\"bt_bb_cell\"><div class=\"bt_bb_cell_inner\"><div class=\"bt_bb_row\"  data-bt-override-class=\"{}\"><div class=\"bt_bb_row_holder\" ><div  class=\"bt_bb_column col-xxl-12 col-xl-12 bt_bb_vertical_align_top bt_bb_align_left bt_bb_padding_normal\" style=\"; --column-width:12;\" data-width=\"12\" data-bt-override-class=\"{}\"><div class=\"bt_bb_column_content\"><div class=\"bt_bb_column_content_inner\"><div class=\"bt_bb_masonry_post_grid bt_bb_grid_container bt_bb_columns_6 bt_bb_gap_normal bt_bb_date_design_triangle\" data-columns=\"6\"><div class=\"bt_bb_post_grid_filter\"><span class=\"bt_bb_post_grid_filter_item active\" data-category=\"\">All<\/span><span class=\"bt_bb_post_grid_filter_item\" data-category=\"uncategorized\">Uncategorized<\/span><span class=\"bt_bb_post_grid_filter_item\" data-category=\"union-activities\">Ho\u1ea1t \u0111\u1ed9ng c\u1ee7a C\u00f4ng \u0111o\u00e0n<\/span><span class=\"bt_bb_post_grid_filter_item\" data-category=\"asian-electricity\">Ng\u00e0nh \u0111i\u1ec7n Ch\u00e2u \u00c1<\/span><span class=\"bt_bb_post_grid_filter_item\" data-category=\"csr-activities\">Ho\u1ea1t \u0111\u1ed9ng CSR<\/span><span class=\"bt_bb_post_grid_filter_item\" data-category=\"press-media\">B\u00e1o ch\u00ed &amp; Truy\u1ec1n th\u00f4ng<\/span><span class=\"bt_bb_post_grid_filter_item\" data-category=\"exhibition\">Tri\u1ec3n l\u00e3m<\/span><\/div><div class=\"bt_bb_masonry_post_grid_content bt_bb_grid_hide\" data-bt-bb-masonry-post-grid-nonce=\"453d1cecf9\" data-number=\"12\" data-category=\"\" data-show=\"a%3A7%3A%7Bs%3A8%3A%22category%22%3Bb%3A0%3Bs%3A4%3A%22date%22%3Bb%3A1%3Bs%3A6%3A%22author%22%3Bb%3A1%3Bs%3A8%3A%22comments%22%3Bb%3A0%3Bs%3A7%3A%22excerpt%22%3Bb%3A1%3Bs%3A5%3A%22share%22%3Bb%3A0%3Bs%3A4%3A%22size%22%3Bs%3A23%3A%22boldthemes_large_square%22%3B%7D\" data-auto-loading=\"\" data-post-type=\"post\" data-date-design=\"triangle\" ><div class=\"bt_bb_grid_sizer\"><\/div><\/div><div class=\"bt_bb_post_grid_loader\"><\/div><\/div><\/div><\/div><\/div><\/div><\/div><\/div><!-- cell_inner --><\/div><!-- cell --><\/div><!-- port --><\/section>","protected":false},"excerpt":{"rendered":"<p>Ph\u00e1t tri\u1ec3n c\u00f4ng ngh\u1ec7 2.0 m\u1ed9t c\u00e1ch \u0111\u1ed3ng b\u1ed9 thay v\u00ec ch\u1ec9 l\u00e0 c\u00e1c s\u00e1ng ki\u1ebfn k\u1ecbp th\u1eddi. Tri\u1ec3n khai nhanh ch\u00f3ng c\u00e1c m\u1ea1ng l\u01b0\u1edbi chi\u1ebfn l\u01b0\u1ee3c v\u1edbi th\u01b0\u01a1ng m\u1ea1i \u0111i\u1ec7n t\u1eed h\u1ea5p d\u1eabn. Tr\u00ecnh b\u00e0y m\u1ed9t c\u00e1ch \u0111\u00e1ng tin c\u1eady c\u00e1c s\u1ea3n ph\u1ea9m \u0111\u01b0\u1ee3c s\u1ea3n xu\u1ea5t hi\u1ec7u qu\u1ea3 cao v\u00e0 d\u1eef li\u1ec7u \u0111\u01b0\u1ee3c k\u00edch ho\u1ea1t.<\/p>","protected":false},"author":1,"featured_media":585,"parent":464,"menu_order":0,"comment_status":"closed","ping_status":"closed","template":"","meta":{"inline_featured_image":false,"footnotes":""},"class_list":["post-27886","page","type-page","status-publish","has-post-thumbnail","hentry"],"_links":{"self":[{"href":"https:\/\/morstar.vn\/vi\/wp-json\/wp\/v2\/pages\/27886","targetHints":{"allow":["GET"]}}],"collection":[{"href":"https:\/\/morstar.vn\/vi\/wp-json\/wp\/v2\/pages"}],"about":[{"href":"https:\/\/morstar.vn\/vi\/wp-json\/wp\/v2\/types\/page"}],"author":[{"embeddable":true,"href":"https:\/\/morstar.vn\/vi\/wp-json\/wp\/v2\/users\/1"}],"replies":[{"embeddable":true,"href":"https:\/\/morstar.vn\/vi\/wp-json\/wp\/v2\/comments?post=27886"}],"version-history":[{"count":0,"href":"https:\/\/morstar.vn\/vi\/wp-json\/wp\/v2\/pages\/27886\/revisions"}],"up":[{"embeddable":true,"href":"https:\/\/morstar.vn\/vi\/wp-json\/wp\/v2\/pages\/464"}],"wp:featuredmedia":[{"embeddable":true,"href":"https:\/\/morstar.vn\/vi\/wp-json\/wp\/v2\/media\/585"}],"wp:attachment":[{"href":"https:\/\/morstar.vn\/vi\/wp-json\/wp\/v2\/media?parent=27886"}],"curies":[{"name":"wp","href":"https:\/\/api.w.org\/{rel}","templated":true}]}}