{"id":27885,"date":"2020-10-26T12:21:56","date_gmt":"2020-10-26T12:21:56","guid":{"rendered":"http:\/\/amwerk.bold-themes.com\/berlin\/?page_id=478"},"modified":"2024-08-09T06:36:51","modified_gmt":"2024-08-09T06:36:51","slug":"news-grid-three-columns","status":"publish","type":"page","link":"https:\/\/morstar.vn\/vi\/news\/news-grid-three-columns\/","title":{"rendered":"News grid three columns"},"content":{"rendered":"<section id=\"bt_bb_section69e12b52e972e\" class=\"bt_bb_section bt_bb_layout_boxed_1200 bt_bb_vertical_align_top bt_bb_top_spacing_medium bt_bb_bottom_spacing_large\"  data-bt-override-class=\"null\"><div class=\"bt_bb_port\"><div class=\"bt_bb_cell\"><div class=\"bt_bb_cell_inner\"><div class=\"bt_bb_row\"  data-bt-override-class=\"{}\"><div class=\"bt_bb_row_holder\" ><div  class=\"bt_bb_column col-xxl-12 col-xl-12 bt_bb_vertical_align_top bt_bb_align_left bt_bb_padding_normal\" style=\"; --column-width:12;\" data-width=\"12\" data-bt-override-class=\"{}\"><div class=\"bt_bb_column_content\"><div class=\"bt_bb_column_content_inner\"><div class=\"bt_bb_masonry_post_grid bt_bb_grid_container bt_bb_columns_3 bt_bb_gap_normal bt_bb_date_design_triangle\" data-columns=\"3\"><div class=\"bt_bb_post_grid_filter\"><span class=\"bt_bb_post_grid_filter_item active\" data-category=\"\">All<\/span><span class=\"bt_bb_post_grid_filter_item\" data-category=\"uncategorized\">Uncategorized<\/span><span class=\"bt_bb_post_grid_filter_item\" data-category=\"union-activities\">Ho\u1ea1t \u0111\u1ed9ng c\u1ee7a C\u00f4ng \u0111o\u00e0n<\/span><span class=\"bt_bb_post_grid_filter_item\" data-category=\"asian-electricity\">Ng\u00e0nh \u0111i\u1ec7n Ch\u00e2u \u00c1<\/span><span class=\"bt_bb_post_grid_filter_item\" data-category=\"csr-activities\">Ho\u1ea1t \u0111\u1ed9ng CSR<\/span><span class=\"bt_bb_post_grid_filter_item\" data-category=\"press-media\">B\u00e1o ch\u00ed &amp; Truy\u1ec1n th\u00f4ng<\/span><span class=\"bt_bb_post_grid_filter_item\" data-category=\"exhibition\">Tri\u1ec3n l\u00e3m<\/span><\/div><div class=\"bt_bb_masonry_post_grid_content bt_bb_grid_hide\" data-bt-bb-masonry-post-grid-nonce=\"56bcbb067c\" data-number=\"1000\" data-category=\"\" data-show=\"a%3A7%3A%7Bs%3A8%3A%22category%22%3Bb%3A1%3Bs%3A4%3A%22date%22%3Bb%3A1%3Bs%3A6%3A%22author%22%3Bb%3A0%3Bs%3A8%3A%22comments%22%3Bb%3A0%3Bs%3A7%3A%22excerpt%22%3Bb%3A1%3Bs%3A5%3A%22share%22%3Bb%3A0%3Bs%3A4%3A%22size%22%3Bs%3A23%3A%22boldthemes_large_square%22%3B%7D\" data-auto-loading=\"\" data-post-type=\"post\" data-date-design=\"triangle\" ><div class=\"bt_bb_grid_sizer\"><\/div><\/div><div class=\"bt_bb_post_grid_loader\"><\/div><\/div><\/div><\/div><\/div><\/div><\/div><\/div><!-- cell_inner --><\/div><!-- cell --><\/div><!-- port --><\/section>","protected":false},"excerpt":{"rendered":"<p>\u1ee6 c\u00e1c k\u00eanh tu\u00e2n th\u1ee7 ti\u00eau chu\u1ea9n tr\u00ean to\u00e0n c\u1ea7u tr\u01b0\u1edbc khi c\u00f3 l\u1ee3i \u00edch m\u1edf r\u1ed9ng. Nhanh ch\u00f3ng ph\u1ed5 bi\u1ebfn c\u00e1c s\u1ea3n ph\u1ea9m v\u01b0\u1ee3t tr\u1ed9i trong khi c\u00e1c \u1ee9ng d\u1ee5ng h\u1ed7 tr\u1ee3 web. Nhanh ch\u00f3ng th\u00fac \u0111\u1ea9y c\u00e1c ch\u1ea5t x\u00fac t\u00e1c nh\u1ea5p chu\u1ed9t v\u00e0 v\u1eefa \u0111\u1ec3 thay \u0111\u1ed5i tr\u01b0\u1edbc c\u00e1c ki\u1ebfn tr\u00fac theo chi\u1ec1u d\u1ecdc.<\/p>","protected":false},"author":1,"featured_media":579,"parent":464,"menu_order":0,"comment_status":"closed","ping_status":"closed","template":"","meta":{"inline_featured_image":false,"footnotes":""},"class_list":["post-27885","page","type-page","status-publish","has-post-thumbnail","hentry"],"_links":{"self":[{"href":"https:\/\/morstar.vn\/vi\/wp-json\/wp\/v2\/pages\/27885","targetHints":{"allow":["GET"]}}],"collection":[{"href":"https:\/\/morstar.vn\/vi\/wp-json\/wp\/v2\/pages"}],"about":[{"href":"https:\/\/morstar.vn\/vi\/wp-json\/wp\/v2\/types\/page"}],"author":[{"embeddable":true,"href":"https:\/\/morstar.vn\/vi\/wp-json\/wp\/v2\/users\/1"}],"replies":[{"embeddable":true,"href":"https:\/\/morstar.vn\/vi\/wp-json\/wp\/v2\/comments?post=27885"}],"version-history":[{"count":0,"href":"https:\/\/morstar.vn\/vi\/wp-json\/wp\/v2\/pages\/27885\/revisions"}],"up":[{"embeddable":true,"href":"https:\/\/morstar.vn\/vi\/wp-json\/wp\/v2\/pages\/464"}],"wp:featuredmedia":[{"embeddable":true,"href":"https:\/\/morstar.vn\/vi\/wp-json\/wp\/v2\/media\/579"}],"wp:attachment":[{"href":"https:\/\/morstar.vn\/vi\/wp-json\/wp\/v2\/media?parent=27885"}],"curies":[{"name":"wp","href":"https:\/\/api.w.org\/{rel}","templated":true}]}}